{"id":795,"date":"2022-08-31T23:21:21","date_gmt":"2022-09-01T02:21:21","guid":{"rendered":"https:\/\/cqalpinismo.com.br\/?page_id=795"},"modified":"2022-12-03T22:46:28","modified_gmt":"2022-12-04T01:46:28","slug":"blog-cq-alpinismo","status":"publish","type":"page","link":"https:\/\/cqalpinismo.com.br\/index.php\/blog-cq-alpinismo\/","title":{"rendered":"Blog"},"content":{"rendered":"\t\t<div data-elementor-type=\"wp-page\" data-elementor-id=\"795\" class=\"elementor elementor-795\">\n\t\t\t\t\t\t\t\t\t<section class=\"elementor-section elementor-top-section elementor-element elementor-element-e1ffaa3 elementor-section-height-min-height elementor-section-boxed elementor-section-height-default elementor-section-items-middle\" data-id=\"e1ffaa3\" data-element_type=\"section\" data-settings=\"{&quot;background_background&quot;:&quot;gradient&quot;}\">\n\t\t\t\t\t\t<div class=\"elementor-container elementor-column-gap-default\">\n\t\t\t\t\t<div class=\"elementor-column elementor-col-100 elementor-top-column elementor-element elementor-element-b9b6047\" data-id=\"b9b6047\" data-element_type=\"column\">\n\t\t\t<div class=\"elementor-widget-wrap elementor-element-populated\">\n\t\t\t\t\t\t\t\t<div class=\"elementor-element elementor-element-a46a36d elementor-widget elementor-widget-heading\" data-id=\"a46a36d\" data-element_type=\"widget\" data-widget_type=\"heading.default\">\n\t\t\t\t<div class=\"elementor-widget-container\">\n\t\t\t<style>\/*! elementor - v3.7.2 - 21-08-2022 *\/\n.elementor-heading-title{padding:0;margin:0;line-height:1}.elementor-widget-heading .elementor-heading-title[class*=elementor-size-]>a{color:inherit;font-size:inherit;line-height:inherit}.elementor-widget-heading .elementor-heading-title.elementor-size-small{font-size:15px}.elementor-widget-heading .elementor-heading-title.elementor-size-medium{font-size:19px}.elementor-widget-heading .elementor-heading-title.elementor-size-large{font-size:29px}.elementor-widget-heading .elementor-heading-title.elementor-size-xl{font-size:39px}.elementor-widget-heading .elementor-heading-title.elementor-size-xxl{font-size:59px}<\/style><h1 class=\"elementor-heading-title elementor-size-default\">Blog | CQ Alpinismo<\/h1>\t\t<\/div>\n\t\t\t\t<\/div>\n\t\t\t\t\t<\/div>\n\t\t<\/div>\n\t\t\t\t\t\t\t<\/div>\n\t\t<\/section>\n\t\t\t\t<section class=\"elementor-section elementor-top-section elementor-element elementor-element-259d938 elementor-section-boxed elementor-section-height-default elementor-section-height-default\" data-id=\"259d938\" data-element_type=\"section\">\n\t\t\t\t\t\t<div class=\"elementor-container elementor-column-gap-default\">\n\t\t\t\t\t<div class=\"elementor-column elementor-col-100 elementor-top-column elementor-element elementor-element-6453287\" data-id=\"6453287\" data-element_type=\"column\">\n\t\t\t<div class=\"elementor-widget-wrap elementor-element-populated\">\n\t\t\t\t\t\t\t\t<div class=\"elementor-element elementor-element-3cac968 elementor-widget elementor-widget-elementskit-blog-posts\" data-id=\"3cac968\" data-element_type=\"widget\" data-widget_type=\"elementskit-blog-posts.default\">\n\t\t\t\t<div class=\"elementor-widget-container\">\n\t\t\t<div class=\"ekit-wid-con\" >        <div id=\"post-items--3cac968\" class=\"row post-items\">\n                    <div class=\"col-md-12\">\n\n                                    <div class=\"elementskit-blog-block-post\">\n                        <div class=\"row no-gutters\">\n                                                            <div class=\"col-md-6 order-1\">\n                                    <a href=\"https:\/\/cqalpinismo.com.br\/index.php\/2022\/08\/31\/acidentes-em-altura\/\" class=\"elementskit-entry-thumb\">\n                                        <img decoding=\"async\" src=\"https:\/\/cqalpinismo.com.br\/wp-content\/uploads\/2022\/08\/Design-sem-nome-5-768x1024.png\" alt=\"Acidentes em Altura\">\n                                    <\/a><!-- .elementskit-entry-thumb END -->\n                                <\/div>\n                            \n                            <div class=\"col-md-6 order-2\">\n                                <div class=\"elementskit-post-body \">\n                                    <div class=\"elementskit-entry-header\">\n                                        \n                                                                                            \t\t\t\t\t                                            \n                                            \n                                                                                            \t\t\t\t<h2 class=\"entry-title\">\n\t\t\t\t\t<a href=\"https:\/\/cqalpinismo.com.br\/index.php\/2022\/08\/31\/acidentes-em-altura\/\">\n\t\t\t\t\t\tAcidentes em Altura\t\t\t\t\t<\/a>\n\t\t\t\t<\/h2>\n\t\t\t                                                                                <\/div><!-- .elementskit-entry-header END -->\n\n                                                                            <div class=\"elementskit-post-footer\">\n                                                                                            <p>Acidentes em Altura: Principais causas e como evitar com Alpinismo Industrial \u2705 A falta de capacita\u00e7\u00e3o, equipamentos de qualidade, planejamento e conhecimento sobre trabalhos em altura, gera anualmente alto n\u00famero de acidentes no Brasil, estando entre as principais fatalidades em locais de trabalho. As quedas t\u00eam sido uma das principais causas de acidentes de trabalho &hellip; Acidentes em Altura Leia mais &raquo;<\/p>\n                                                                                                                                <\/div><!-- .elementskit-post-footer END -->\n                                                                    <\/div><!-- .elementskit-post-body END -->\n                            <\/div>\n                        <\/div>\n                    <\/div><!-- .elementskit-blog-block-post .radius .gradient-bg END -->\n                \n            <\/div>\n                    <div class=\"col-md-12\">\n\n                                    <div class=\"elementskit-blog-block-post\">\n                        <div class=\"row no-gutters\">\n                                                            <div class=\"col-md-6 order-1\">\n                                    <a href=\"https:\/\/cqalpinismo.com.br\/index.php\/2022\/08\/31\/alpinismo-industrial-em-espacos-confinados\/\" class=\"elementskit-entry-thumb\">\n                                        <img decoding=\"async\" src=\"https:\/\/cqalpinismo.com.br\/wp-content\/uploads\/2022\/08\/Design-sem-nome-1-2-768x1024.png\" alt=\"Alpinismo Industrial em Espa\u00e7os Confinados\">\n                                    <\/a><!-- .elementskit-entry-thumb END -->\n                                <\/div>\n                            \n                            <div class=\"col-md-6 order-2\">\n                                <div class=\"elementskit-post-body \">\n                                    <div class=\"elementskit-entry-header\">\n                                        \n                                                                                            \t\t\t\t\t                                            \n                                            \n                                                                                            \t\t\t\t<h2 class=\"entry-title\">\n\t\t\t\t\t<a href=\"https:\/\/cqalpinismo.com.br\/index.php\/2022\/08\/31\/alpinismo-industrial-em-espacos-confinados\/\">\n\t\t\t\t\t\tAlpinismo Industrial em Espa\u00e7os Confinados\t\t\t\t\t<\/a>\n\t\t\t\t<\/h2>\n\t\t\t                                                                                <\/div><!-- .elementskit-entry-header END -->\n\n                                                                            <div class=\"elementskit-post-footer\">\n                                                                                            <p>Procedimentos de Seguran\u00e7a em Espa\u00e7os Confinados \u2705 Regulamentados pela#NR33 os servi\u00e7os em espa\u00e7o confinado representam uma das principais atua\u00e7\u00f5es do Alpinismo Industrial. Mas o que s\u00e3o esses locais? Trata-se de espa\u00e7os&nbsp;n\u00e3o destinados \u00e0 ocupa\u00e7\u00e3o humana, com meios limitados de entrada e sa\u00edda, utilizados para armazenagem de material com potencial para engolfar ou afogar o trabalhador &hellip; Alpinismo Industrial em Espa\u00e7os Confinados Leia mais &raquo;<\/p>\n                                                                                                                                <\/div><!-- .elementskit-post-footer END -->\n                                                                    <\/div><!-- .elementskit-post-body END -->\n                            <\/div>\n                        <\/div>\n                    <\/div><!-- .elementskit-blog-block-post .radius .gradient-bg END -->\n                \n            <\/div>\n                    <div class=\"col-md-12\">\n\n                                    <div class=\"elementskit-blog-block-post\">\n                        <div class=\"row no-gutters\">\n                                                            <div class=\"col-md-6 order-1\">\n                                    <a href=\"https:\/\/cqalpinismo.com.br\/index.php\/2022\/08\/31\/servicos-em-telhados\/\" class=\"elementskit-entry-thumb\">\n                                        <img decoding=\"async\" src=\"https:\/\/cqalpinismo.com.br\/wp-content\/uploads\/2022\/08\/Design-sem-nome-2-2-768x1024.png\" alt=\"Servi\u00e7os em Telhados\">\n                                    <\/a><!-- .elementskit-entry-thumb END -->\n                                <\/div>\n                            \n                            <div class=\"col-md-6 order-2\">\n                                <div class=\"elementskit-post-body \">\n                                    <div class=\"elementskit-entry-header\">\n                                        \n                                                                                            \t\t\t\t\t                                            \n                                            \n                                                                                            \t\t\t\t<h2 class=\"entry-title\">\n\t\t\t\t\t<a href=\"https:\/\/cqalpinismo.com.br\/index.php\/2022\/08\/31\/servicos-em-telhados\/\">\n\t\t\t\t\t\tServi\u00e7os em Telhados\t\t\t\t\t<\/a>\n\t\t\t\t<\/h2>\n\t\t\t                                                                                <\/div><!-- .elementskit-entry-header END -->\n\n                                                                            <div class=\"elementskit-post-footer\">\n                                                                                            <p>Entenda como s\u00e3o feitos Servi\u00e7os em Telhados \u2705 Os telhados s\u00e3o como escudos para proteger o que h\u00e1 em seu interior, al\u00e9m de representarem um elemento visual de alta import\u00e2ncia para sua empresa.&nbsp; Realizar limpeza de telhados \u00e9 \u00fatil para prevenir resolver pequenos problemas de infiltra\u00e7\u00e3o e umidade, evitando assim um grande transtorno no futuro. &hellip; Servi\u00e7os em Telhados Leia mais &raquo;<\/p>\n                                                                                                                                <\/div><!-- .elementskit-post-footer END -->\n                                                                    <\/div><!-- .elementskit-post-body END -->\n                            <\/div>\n                        <\/div>\n                    <\/div><!-- .elementskit-blog-block-post .radius .gradient-bg END -->\n                \n            <\/div>\n                    <div class=\"col-md-12\">\n\n                                    <div class=\"elementskit-blog-block-post\">\n                        <div class=\"row no-gutters\">\n                                                            <div class=\"col-md-6 order-1\">\n                                    <a href=\"https:\/\/cqalpinismo.com.br\/index.php\/2022\/08\/31\/guia-boas-praticas-para-trabalhos-em-altura\/\" class=\"elementskit-entry-thumb\">\n                                        <img decoding=\"async\" src=\"https:\/\/cqalpinismo.com.br\/wp-content\/uploads\/2022\/08\/Design-sem-nome-3-2-768x1024.png\" alt=\"Guia: Boas Pr\u00e1ticas para Trabalhos em Altura\">\n                                    <\/a><!-- .elementskit-entry-thumb END -->\n                                <\/div>\n                            \n                            <div class=\"col-md-6 order-2\">\n                                <div class=\"elementskit-post-body \">\n                                    <div class=\"elementskit-entry-header\">\n                                        \n                                                                                            \t\t\t\t\t                                            \n                                            \n                                                                                            \t\t\t\t<h2 class=\"entry-title\">\n\t\t\t\t\t<a href=\"https:\/\/cqalpinismo.com.br\/index.php\/2022\/08\/31\/guia-boas-praticas-para-trabalhos-em-altura\/\">\n\t\t\t\t\t\tGuia: Boas Pr\u00e1ticas para Trabalhos em Altura\t\t\t\t\t<\/a>\n\t\t\t\t<\/h2>\n\t\t\t                                                                                <\/div><!-- .elementskit-entry-header END -->\n\n                                                                            <div class=\"elementskit-post-footer\">\n                                                                                            <p>Conte\u00fado de valor para interessados por essa \u00e1rea de atua\u00e7\u00e3o \u2705 Compilamos nesse post, diversas informa\u00e7\u00f5es sobre os principais servi\u00e7os executados atrav\u00e9s do Alpinismo Industrial. \u00c9 essencial entender os par\u00e2metros de seguran\u00e7a e procedimentos essenciais para realiza\u00e7\u00e3o dos servi\u00e7os. N\u00f3s como especialistas da \u00e1rea, buscamos constantemente evoluir, inovar e otimizar a empresa, garantindo a excel\u00eancia &hellip; Guia: Boas Pr\u00e1ticas para Trabalhos em Altura Leia mais &raquo;<\/p>\n                                                                                                                                <\/div><!-- .elementskit-post-footer END -->\n                                                                    <\/div><!-- .elementskit-post-body END -->\n                            <\/div>\n                        <\/div>\n                    <\/div><!-- .elementskit-blog-block-post .radius .gradient-bg END -->\n                \n            <\/div>\n                    <div class=\"col-md-12\">\n\n                                    <div class=\"elementskit-blog-block-post\">\n                        <div class=\"row no-gutters\">\n                                                            <div class=\"col-md-6 order-1\">\n                                    <a href=\"https:\/\/cqalpinismo.com.br\/index.php\/2022\/08\/31\/servicos-em-espaco-confinado\/\" class=\"elementskit-entry-thumb\">\n                                        <img decoding=\"async\" src=\"https:\/\/cqalpinismo.com.br\/wp-content\/uploads\/2022\/08\/Design-sem-nome-4-1-768x1024.png\" alt=\"Servi\u00e7os em Espa\u00e7o Confinado\">\n                                    <\/a><!-- .elementskit-entry-thumb END -->\n                                <\/div>\n                            \n                            <div class=\"col-md-6 order-2\">\n                                <div class=\"elementskit-post-body \">\n                                    <div class=\"elementskit-entry-header\">\n                                        \n                                                                                            \t\t\t\t\t                                            \n                                            \n                                                                                            \t\t\t\t<h2 class=\"entry-title\">\n\t\t\t\t\t<a href=\"https:\/\/cqalpinismo.com.br\/index.php\/2022\/08\/31\/servicos-em-espaco-confinado\/\">\n\t\t\t\t\t\tServi\u00e7os em Espa\u00e7o Confinado\t\t\t\t\t<\/a>\n\t\t\t\t<\/h2>\n\t\t\t                                                                                <\/div><!-- .elementskit-entry-header END -->\n\n                                                                            <div class=\"elementskit-post-footer\">\n                                                                                            <p>Voc\u00ea sabe o que s\u00e3o: Servi\u00e7os em Espa\u00e7o Confinado? Acompanhe abaixo \u2705 Primeiramente, vamos entender o que \u00e9 &#8220;Espa\u00e7o Confinado&#8221;. Trata-se de um local n\u00e3o projetado para ocupa\u00e7\u00e3o humana cont\u00ednua. Com entradas e sa\u00eddas limitadas, ventila\u00e7\u00e3o escassa, quantidade de oxig\u00eanio inadequada e riscos eminentes. Nestes locais o cuidado com acidentes de trabalho deve ser redobrado, &hellip; Servi\u00e7os em Espa\u00e7o Confinado Leia mais &raquo;<\/p>\n                                                                                                                                <\/div><!-- .elementskit-post-footer END -->\n                                                                    <\/div><!-- .elementskit-post-body END -->\n                            <\/div>\n                        <\/div>\n                    <\/div><!-- .elementskit-blog-block-post .radius .gradient-bg END -->\n                \n            <\/div>\n                    <div class=\"col-md-12\">\n\n                                    <div class=\"elementskit-blog-block-post\">\n                        <div class=\"row no-gutters\">\n                                                            <div class=\"col-md-6 order-1\">\n                                    <a href=\"https:\/\/cqalpinismo.com.br\/index.php\/2022\/08\/31\/resgate-em-altura\/\" class=\"elementskit-entry-thumb\">\n                                        <img decoding=\"async\" src=\"https:\/\/cqalpinismo.com.br\/wp-content\/uploads\/2022\/08\/Design-sem-nome-5-1-768x1024.png\" alt=\"Resgate em Altura\">\n                                    <\/a><!-- .elementskit-entry-thumb END -->\n                                <\/div>\n                            \n                            <div class=\"col-md-6 order-2\">\n                                <div class=\"elementskit-post-body \">\n                                    <div class=\"elementskit-entry-header\">\n                                        \n                                                                                            \t\t\t\t\t                                            \n                                            \n                                                                                            \t\t\t\t<h2 class=\"entry-title\">\n\t\t\t\t\t<a href=\"https:\/\/cqalpinismo.com.br\/index.php\/2022\/08\/31\/resgate-em-altura\/\">\n\t\t\t\t\t\tResgate em Altura\t\t\t\t\t<\/a>\n\t\t\t\t<\/h2>\n\t\t\t                                                                                <\/div><!-- .elementskit-entry-header END -->\n\n                                                                            <div class=\"elementskit-post-footer\">\n                                                                                            <p>Tudo que voc\u00ea precisa saber sobre este servi\u00e7o \u2705 Trata-se de um servi\u00e7o de alto risco, na maioria das vezes executado em \u00e1reas industriais, padronizado por normas regulamentadoras (#NR35). Objetivo central \u00e9 resgatar v\u00edtimas em locais de alto risco, exigindo a\u00e7\u00e3o r\u00e1pida e segura por parte dos profissionais envolvidos. \u00c9 essencial a presen\u00e7a dos equipamentos &hellip; Resgate em Altura Leia mais &raquo;<\/p>\n                                                                                                                                <\/div><!-- .elementskit-post-footer END -->\n                                                                    <\/div><!-- .elementskit-post-body END -->\n                            <\/div>\n                        <\/div>\n                    <\/div><!-- .elementskit-blog-block-post .radius .gradient-bg END -->\n                \n            <\/div>\n                <\/div>\n       <\/div>\t\t<\/div>\n\t\t\t\t<\/div>\n\t\t\t\t\t<\/div>\n\t\t<\/div>\n\t\t\t\t\t\t\t<\/div>\n\t\t<\/section>\n\t\t\t\t\t\t\t<\/div>\n\t\t","protected":false},"excerpt":{"rendered":"<p>Blog | CQ Alpinismo Acidentes em Altura Acidentes em Altura: Principais causas e como evitar com Alpinismo Industrial \u2705 A falta de capacita\u00e7\u00e3o, equipamentos de qualidade, planejamento e conhecimento sobre trabalhos em altura, gera anualmente alto n\u00famero de acidentes no Brasil, estando entre as principais fatalidades em locais de trabalho. As quedas t\u00eam sido uma &hellip;<\/p>\n<p class=\"read-more\"> <a class=\"\" href=\"https:\/\/cqalpinismo.com.br\/index.php\/2022\/08\/31\/resgate-em-altura\/\"> <span class=\"screen-reader-text\">Resgate em Altura<\/span> Leia mais &raquo;<\/a><\/p>\n","protected":false},"author":1,"featured_media":0,"parent":0,"menu_order":0,"comment_status":"closed","ping_status":"closed","template":"","meta":{"om_disable_all_campaigns":false,"_mi_skip_tracking":false,"site-sidebar-layout":"no-sidebar","site-content-layout":"page-builder","ast-global-header-display":"","ast-main-header-display":"","ast-hfb-above-header-display":"","ast-hfb-below-header-display":"","ast-hfb-mobile-header-display":"","site-post-title":"disabled","ast-breadcrumbs-content":"","ast-featured-img":"disabled","footer-sml-layout":"","theme-transparent-header-meta":"","adv-header-id-meta":"","stick-header-meta":"","header-above-stick-meta":"","header-main-stick-meta":"","header-below-stick-meta":""},"aioseo_notices":[],"_links":{"self":[{"href":"https:\/\/cqalpinismo.com.br\/index.php\/wp-json\/wp\/v2\/pages\/795"}],"collection":[{"href":"https:\/\/cqalpinismo.com.br\/index.php\/wp-json\/wp\/v2\/pages"}],"about":[{"href":"https:\/\/cqalpinismo.com.br\/index.php\/wp-json\/wp\/v2\/types\/page"}],"author":[{"embeddable":true,"href":"https:\/\/cqalpinismo.com.br\/index.php\/wp-json\/wp\/v2\/users\/1"}],"replies":[{"embeddable":true,"href":"https:\/\/cqalpinismo.com.br\/index.php\/wp-json\/wp\/v2\/comments?post=795"}],"version-history":[{"count":14,"href":"https:\/\/cqalpinismo.com.br\/index.php\/wp-json\/wp\/v2\/pages\/795\/revisions"}],"predecessor-version":[{"id":830,"href":"https:\/\/cqalpinismo.com.br\/index.php\/wp-json\/wp\/v2\/pages\/795\/revisions\/830"}],"wp:attachment":[{"href":"https:\/\/cqalpinismo.com.br\/index.php\/wp-json\/wp\/v2\/media?parent=795"}],"curies":[{"name":"wp","href":"https:\/\/api.w.org\/{rel}","templated":true}]}}